{"id":66,"date":"2025-07-02T10:51:46","date_gmt":"2025-07-02T10:51:46","guid":{"rendered":"https:\/\/subble.alberteam.com\/?page_id=66"},"modified":"2025-07-02T10:51:46","modified_gmt":"2025-07-02T10:51:46","slug":"mentions-legales","status":"publish","type":"page","link":"https:\/\/subble.alberteam.com\/?page_id=66","title":{"rendered":"Mentions l\u00e9gales"},"content":{"rendered":"\n<h1 class=\"wp-block-heading\">Mentions l\u00e9gales<\/h1>\n\n\n\n<p>Subble est un site d\u2019information sur un logiciel de gestion des subventions \u00e9dit\u00e9 par la soci\u00e9t\u00e9\u00a0:<\/p>\n\n\n\n<p><strong>ALBERTEAM<\/strong><br>SAS au capital&nbsp;de 3.150 \u20ac<br>RCS Paris 832 453 633<\/p>\n\n\n\n<p>Si\u00e8ge social&nbsp;:<br>1 rue Aumont Thi\u00e9ville<br>75017 PARIS<\/p>\n\n\n\n<p>Directeur de la publication&nbsp;: Thierry SOMMA<br>Adresse mail&nbsp;: contact@alberteam.com<br>T\u00e9l\u00e9phone : 06 80 73 45 12<\/p>\n\n\n\n<p>H\u00e9bergeur&nbsp;:&nbsp;<strong>OVH SAS<\/strong><br>Si\u00e8ge social :<br>2 rue Kellermann<br>59100 Roubaix<br>France<\/p>\n\n\n\n<h2 class=\"wp-block-heading\">Propri\u00e9t\u00e9 intellectuelle<\/h2>\n\n\n\n<p>Les l\u00e9gislations fran\u00e7aises et internationales sur le droit d\u2019auteur et la propri\u00e9t\u00e9 intellectuelle s&rsquo;appliquent \u00e0 l\u2019ensemble du contenu du site alberteam.com. Tous les droits de reproduction sont r\u00e9serv\u00e9s, y compris pour les dessins, photos et vid\u00e9os.<\/p>\n\n\n\n<h2 class=\"wp-block-heading\">Donn\u00e9es personnelles<\/h2>\n\n\n\n<p>Vous pouvez visiter notre site sur Internet sans avoir \u00e0 indiquer votre identit\u00e9 ni \u00e0 fournir des informations personnelles vous concernant. Toutefois, vous pourriez \u00eatre amen\u00e9s \u00e0 nous communiquer certaines donn\u00e9es personnelles (notamment votre nom et votre adresse mail), par exemple pour vous abonner \u00e0 notre lettre d\u2019information.<\/p>\n\n\n\n<p>Conform\u00e9ment \u00e0 la loi Informatique et Libert\u00e9s, vous disposez d\u2019un droit d\u2019acc\u00e8s, de modification et de rectification et de suppression des donn\u00e9es qui vous concernent en nous contactant<\/p>\n\n\n\n<p><em>Par courrier :<\/em><br>ALBERTEAM<br>1 rue Aumont Thi\u00e9ville<br>75017 PARIS<\/p>\n\n\n\n<p><em>Par mail :<\/em><br>contact@alberteam.com<\/p>\n","protected":false},"excerpt":{"rendered":"<p>Mentions l\u00e9gales Subble est un site d\u2019information sur un logiciel de gestion des subventions \u00e9dit\u00e9 par la soci\u00e9t\u00e9\u00a0: ALBERTEAMSAS au capital&nbsp;de 3.150 \u20acRCS Paris 832 453 633 Si\u00e8ge social&nbsp;:1 rue Aumont Thi\u00e9ville75017 PARIS Directeur de la publication&nbsp;: Thierry SOMMAAdresse mail&nbsp;: contact@alberteam.comT\u00e9l\u00e9phone : 06 80 73 45 12 H\u00e9bergeur&nbsp;:&nbsp;OVH SASSi\u00e8ge social :2 rue Kellermann59100 RoubaixFrance Propri\u00e9t\u00e9 [&hellip;]<\/p>\n","protected":false},"author":2,"featured_media":0,"parent":0,"menu_order":0,"comment_status":"closed","ping_status":"closed","template":"","meta":{"footnotes":""},"class_list":["post-66","page","type-page","status-publish","hentry","entry"],"_links":{"self":[{"href":"https:\/\/subble.alberteam.com\/index.php?rest_route=\/wp\/v2\/pages\/66","targetHints":{"allow":["GET"]}}],"collection":[{"href":"https:\/\/subble.alberteam.com\/index.php?rest_route=\/wp\/v2\/pages"}],"about":[{"href":"https:\/\/subble.alberteam.com\/index.php?rest_route=\/wp\/v2\/types\/page"}],"author":[{"embeddable":true,"href":"https:\/\/subble.alberteam.com\/index.php?rest_route=\/wp\/v2\/users\/2"}],"replies":[{"embeddable":true,"href":"https:\/\/subble.alberteam.com\/index.php?rest_route=%2Fwp%2Fv2%2Fcomments&post=66"}],"version-history":[{"count":1,"href":"https:\/\/subble.alberteam.com\/index.php?rest_route=\/wp\/v2\/pages\/66\/revisions"}],"predecessor-version":[{"id":67,"href":"https:\/\/subble.alberteam.com\/index.php?rest_route=\/wp\/v2\/pages\/66\/revisions\/67"}],"wp:attachment":[{"href":"https:\/\/subble.alberteam.com\/index.php?rest_route=%2Fwp%2Fv2%2Fmedia&parent=66"}],"curies":[{"name":"wp","href":"https:\/\/api.w.org\/{rel}","templated":true}]}}